{"id":561,"date":"2012-11-11T21:51:52","date_gmt":"2012-11-11T20:51:52","guid":{"rendered":"http:\/\/www.bellof.se\/?page_id=561"},"modified":"2019-03-20T11:52:10","modified_gmt":"2019-03-20T10:52:10","slug":"jobba-hos-oss","status":"publish","type":"page","link":"http:\/\/www.bellof.se\/?page_id=561","title":{"rendered":"Jobba hos oss!"},"content":{"rendered":"<p>Vi p\u00e5 Bellof \u00e4r alltid intresserade av att f\u00e5 kontakt med kreativa och talangfulla m\u00e4nniskor.<br \/>\n\u00c4r du webbutvecklare, formgivare, redakt\u00f6r, fotograf och \u00e4r nyfiken p\u00e5 oss? Skicka ditt CV till info@bellof.se<\/p>\n","protected":false},"excerpt":{"rendered":"<p>Vi p\u00e5 Bellof \u00e4r alltid intresserade av att f\u00e5 kontakt med kreativa och talangfulla m\u00e4nniskor. \u00c4r du webbutvecklare, formgivare, redakt\u00f6r, fotograf och \u00e4r nyfiken p\u00e5 oss? Skicka ditt CV till info@bellof.se<\/p>\n","protected":false},"author":1,"featured_media":1372,"parent":0,"menu_order":0,"comment_status":"closed","ping_status":"closed","template":"page-tpl-subpages.php","meta":[],"_links":{"self":[{"href":"http:\/\/www.bellof.se\/index.php?rest_route=\/wp\/v2\/pages\/561"}],"collection":[{"href":"http:\/\/www.bellof.se\/index.php?rest_route=\/wp\/v2\/pages"}],"about":[{"href":"http:\/\/www.bellof.se\/index.php?rest_route=\/wp\/v2\/types\/page"}],"author":[{"embeddable":true,"href":"http:\/\/www.bellof.se\/index.php?rest_route=\/wp\/v2\/users\/1"}],"replies":[{"embeddable":true,"href":"http:\/\/www.bellof.se\/index.php?rest_route=%2Fwp%2Fv2%2Fcomments&post=561"}],"version-history":[{"count":9,"href":"http:\/\/www.bellof.se\/index.php?rest_route=\/wp\/v2\/pages\/561\/revisions"}],"predecessor-version":[{"id":972,"href":"http:\/\/www.bellof.se\/index.php?rest_route=\/wp\/v2\/pages\/561\/revisions\/972"}],"wp:featuredmedia":[{"embeddable":true,"href":"http:\/\/www.bellof.se\/index.php?rest_route=\/wp\/v2\/media\/1372"}],"wp:attachment":[{"href":"http:\/\/www.bellof.se\/index.php?rest_route=%2Fwp%2Fv2%2Fmedia&parent=561"}],"curies":[{"name":"wp","href":"https:\/\/api.w.org\/{rel}","templated":true}]}}